{"id":56,"date":"2017-12-24T12:33:11","date_gmt":"2017-12-24T11:33:11","guid":{"rendered":"http:\/\/localhost\/wordpress\/?page_id=16"},"modified":"2023-07-16T10:42:01","modified_gmt":"2023-07-16T08:42:01","slug":"accueil-2","status":"publish","type":"page","link":"https:\/\/www.edcthymeraiscourville.fr\/","title":{"rendered":"Pr\u00e9sentation"},"content":{"rendered":"\n<ul class=\"wp-block-social-links is-layout-flex wp-block-social-links-is-layout-flex\"><li class=\"wp-social-link wp-social-link-facebook  wp-block-social-link\"><a href=\"https:\/\/www.facebook.com\/edc.duthymerais\" class=\"wp-block-social-link-anchor\"><svg width=\"24\" height=\"24\" viewBox=\"0 0 24 24\" version=\"1.1\" xmlns=\"http:\/\/www.w3.org\/2000\/svg\" aria-hidden=\"true\" focusable=\"false\"><path d=\"M12 2C6.5 2 2 6.5 2 12c0 5 3.7 9.1 8.4 9.9v-7H7.9V12h2.5V9.8c0-2.5 1.5-3.9 3.8-3.9 1.1 0 2.2.2 2.2.2v2.5h-1.3c-1.2 0-1.6.8-1.6 1.6V12h2.8l-.4 2.9h-2.3v7C18.3 21.1 22 17 22 12c0-5.5-4.5-10-10-10z\"><\/path><\/svg><span class=\"wp-block-social-link-label screen-reader-text\">Facebook<\/span><\/a><\/li>\n\n\n\n<li class=\"wp-social-link wp-social-link-instagram  wp-block-social-link\"><a href=\"https:\/\/www.instagram.com\/edc.thymerais\/?hl=fr\" class=\"wp-block-social-link-anchor\"><svg width=\"24\" height=\"24\" viewBox=\"0 0 24 24\" version=\"1.1\" xmlns=\"http:\/\/www.w3.org\/2000\/svg\" aria-hidden=\"true\" focusable=\"false\"><path d=\"M12,4.622c2.403,0,2.688,0.009,3.637,0.052c0.877,0.04,1.354,0.187,1.671,0.31c0.42,0.163,0.72,0.358,1.035,0.673 c0.315,0.315,0.51,0.615,0.673,1.035c0.123,0.317,0.27,0.794,0.31,1.671c0.043,0.949,0.052,1.234,0.052,3.637 s-0.009,2.688-0.052,3.637c-0.04,0.877-0.187,1.354-0.31,1.671c-0.163,0.42-0.358,0.72-0.673,1.035 c-0.315,0.315-0.615,0.51-1.035,0.673c-0.317,0.123-0.794,0.27-1.671,0.31c-0.949,0.043-1.233,0.052-3.637,0.052 s-2.688-0.009-3.637-0.052c-0.877-0.04-1.354-0.187-1.671-0.31c-0.42-0.163-0.72-0.358-1.035-0.673 c-0.315-0.315-0.51-0.615-0.673-1.035c-0.123-0.317-0.27-0.794-0.31-1.671C4.631,14.688,4.622,14.403,4.622,12 s0.009-2.688,0.052-3.637c0.04-0.877,0.187-1.354,0.31-1.671c0.163-0.42,0.358-0.72,0.673-1.035 c0.315-0.315,0.615-0.51,1.035-0.673c0.317-0.123,0.794-0.27,1.671-0.31C9.312,4.631,9.597,4.622,12,4.622 M12,3 C9.556,3,9.249,3.01,8.289,3.054C7.331,3.098,6.677,3.25,6.105,3.472C5.513,3.702,5.011,4.01,4.511,4.511 c-0.5,0.5-0.808,1.002-1.038,1.594C3.25,6.677,3.098,7.331,3.054,8.289C3.01,9.249,3,9.556,3,12c0,2.444,0.01,2.751,0.054,3.711 c0.044,0.958,0.196,1.612,0.418,2.185c0.23,0.592,0.538,1.094,1.038,1.594c0.5,0.5,1.002,0.808,1.594,1.038 c0.572,0.222,1.227,0.375,2.185,0.418C9.249,20.99,9.556,21,12,21s2.751-0.01,3.711-0.054c0.958-0.044,1.612-0.196,2.185-0.418 c0.592-0.23,1.094-0.538,1.594-1.038c0.5-0.5,0.808-1.002,1.038-1.594c0.222-0.572,0.375-1.227,0.418-2.185 C20.99,14.751,21,14.444,21,12s-0.01-2.751-0.054-3.711c-0.044-0.958-0.196-1.612-0.418-2.185c-0.23-0.592-0.538-1.094-1.038-1.594 c-0.5-0.5-1.002-0.808-1.594-1.038c-0.572-0.222-1.227-0.375-2.185-0.418C14.751,3.01,14.444,3,12,3L12,3z M12,7.378 c-2.552,0-4.622,2.069-4.622,4.622S9.448,16.622,12,16.622s4.622-2.069,4.622-4.622S14.552,7.378,12,7.378z M12,15 c-1.657,0-3-1.343-3-3s1.343-3,3-3s3,1.343,3,3S13.657,15,12,15z M16.804,6.116c-0.596,0-1.08,0.484-1.08,1.08 s0.484,1.08,1.08,1.08c0.596,0,1.08-0.484,1.08-1.08S17.401,6.116,16.804,6.116z\"><\/path><\/svg><span class=\"wp-block-social-link-label screen-reader-text\">Instagram<\/span><\/a><\/li>\n\n\n\n\n\n<\/ul>\n\n\n\n<figure class=\"wp-block-image size-large\"><img decoding=\"async\" src=\"blob:http:\/\/www.edcthymeraiscourville.fr\/d3836a3f-7788-4b8b-afe9-fd882799b136\" alt=\"\"\/><\/figure>\n\n\n<div class=\"o9v6fnle cxmmr5t8 oygrvhab hcukyx3x c1et5uql ii04i59q\">\n<h4 dir=\"auto\"><strong style=\"font-size: inherit;\"><img data-recalc-dims=\"1\" loading=\"lazy\" decoding=\"async\" class=\"wp-image-858 alignright\" src=\"https:\/\/i0.wp.com\/www.edcthymeraiscourville.fr\/wp-content\/uploads\/2021\/07\/logo_ecole_de_conduite_0-300x286-1.png?resize=271%2C258\" alt=\"\" width=\"271\" height=\"258\"><\/strong><\/h4>\n<h4 dir=\"auto\"><strong style=\"font-size: inherit;\">Bienvenue \u00e0 <span style=\"color: #245f8a;\">l&rsquo;\u00e9cole de conduite du Thymerais et Courville<\/span>. Nous vous accueillons depuis mars 2014 afin de vous proposer plusieurs types de formations. En effet, nous pouvons vous former aux permis auto (B, AAC), remorque (BE,B96), conduite supervis\u00e9e et perfectionnement),moto (A, A1, A2, AM(BSR), formation 125cm3 et perfectionnement).<\/strong><\/h4>\n<\/div>\n<p><strong>Notre objectif est que vous appreniez le respect du code ainsi que le partage de la route avec les autres usagers dans une ambiance d\u00e9tendue et familiale.<\/strong><\/p>\n<p><strong> Nous mettons \u00e0 votre disposition une salle de code spacieuse \u00e9quip\u00e9e d&rsquo;un vid\u00e9oprojecteur et de bo\u00eetiers de r\u00e9ponses comme vous aurez \u00e0 l&rsquo;examen. Les corrections sont effectu\u00e9es par nos soins afin de pouvoir interagir avec vous et r\u00e9pondre \u00e0 un maximum de vos interrogations. Pour ceux qui ne peuvent pas venir r\u00e9guli\u00e8rement \u00e0 l&rsquo;auto-\u00e9cole, nous proposons \u00e9galement le code en ligne avec une partie cours, th\u00e9matiques et s\u00e9ries comme \u00e0 l&rsquo;examen.<\/strong><\/p>\n<p><strong>En cas de changement d&rsquo;horaires pour des raisons d&rsquo;examens ou de p\u00e9riode de vacances, un message vous sera indiqu\u00e9 sur le facebook.<\/strong><\/p>\n<p><strong>N&rsquo;h\u00e9sitez pas \u00e0 nous contacter par t\u00e9l\u00e9phone, mail ou facebook pour plus d&rsquo;informations sur nos formations.<\/strong><\/p>\n<p><strong>A bient\u00f4t.<\/strong><\/p>\n\n<div class=\"wp-block-image\">\n<figure class=\"aligncenter size-large is-resized\"><img data-recalc-dims=\"1\" loading=\"lazy\" decoding=\"async\" src=\"https:\/\/i0.wp.com\/www.edcthymeraiscourville.fr\/wp-content\/uploads\/2023\/01\/back-24838_1280-3.png?resize=189%2C189\" alt=\"\" class=\"wp-image-1110\" width=\"189\" height=\"189\" srcset=\"https:\/\/i0.wp.com\/www.edcthymeraiscourville.fr\/wp-content\/uploads\/2023\/01\/back-24838_1280-3.png?resize=1024%2C1024&amp;ssl=1 1024w, https:\/\/i0.wp.com\/www.edcthymeraiscourville.fr\/wp-content\/uploads\/2023\/01\/back-24838_1280-3.png?resize=300%2C300&amp;ssl=1 300w, https:\/\/i0.wp.com\/www.edcthymeraiscourville.fr\/wp-content\/uploads\/2023\/01\/back-24838_1280-3.png?resize=150%2C150&amp;ssl=1 150w, https:\/\/i0.wp.com\/www.edcthymeraiscourville.fr\/wp-content\/uploads\/2023\/01\/back-24838_1280-3.png?resize=768%2C769&amp;ssl=1 768w, https:\/\/i0.wp.com\/www.edcthymeraiscourville.fr\/wp-content\/uploads\/2023\/01\/back-24838_1280-3.png?w=1279&amp;ssl=1 1279w\" sizes=\"auto, (max-width: 189px) 100vw, 189px\" \/><\/figure>\n<\/div>\n\n\n<div class=\"wp-block-group\"><div class=\"wp-block-group__inner-container is-layout-flow wp-block-group-is-layout-flow\">\n<div class=\"wp-block-group\"><div class=\"wp-block-group__inner-container is-layout-flow wp-block-group-is-layout-flow\">\n<div class=\"wp-block-group\"><div class=\"wp-block-group__inner-container is-layout-flow wp-block-group-is-layout-flow\">\n<h2 class=\"wp-block-heading has-text-align-center\"><a href=\"&#109;a&#x69;l&#x74;&#111;&#x3a;&#101;&#x64;&#99;&#46;&#x74;h&#x79;&#109;&#x65;&#114;&#x61;&#105;&#x73;&#64;g&#x6d;a&#x69;&#108;&#x2e;&#99;&#x6f;&#109;\" target=\"_blank\" rel=\"noreferrer noopener\"><span class=\"has-inline-color has-vivid-red-color\"><strong>[NOUS CONTACTER PAR E-MAIL]<\/strong><\/span><\/a><\/h2>\n\n\n\n<p><\/p>\n<\/div><\/div>\n<\/div><\/div>\n\n\n\n<p><\/p>\n\n\n\n<p><\/p>\n\n\n\n<p><\/p>\n<\/div><\/div>\n\n\n\n<div class=\"wp-block-group\"><div class=\"wp-block-group__inner-container is-layout-flow wp-block-group-is-layout-flow\">\n<div class=\"wp-block-group\"><div class=\"wp-block-group__inner-container is-layout-flow wp-block-group-is-layout-flow\">\n<div class=\"alignnormal\"><div id=\"metaslider-id-750\" style=\"max-width: 400px; margin: 0 auto;\" class=\"ml-slider-3-107-0 metaslider metaslider-flex metaslider-750 ml-slider ms-theme-bubble nav-hidden\" role=\"region\" aria-label=\"diaporama essai\" data-height=\"400\" data-width=\"400\">\n    <div id=\"metaslider_container_750\">\n        <div id=\"metaslider_750\">\n            <ul class='slides'>\n                <li style=\"display: block; width: 100%;\" class=\"slide-780 ms-image \" aria-roledescription=\"slide\" data-date=\"2020-04-10 16:46:54\" data-filename=\"84126631_2500948080168020_1848752849903681536_o-1-400x400.jpg\" data-slide-type=\"image\"><img data-recalc-dims=\"1\" loading=\"lazy\" decoding=\"async\" src=\"https:\/\/i0.wp.com\/www.edcthymeraiscourville.fr\/wp-content\/uploads\/2020\/04\/84126631_2500948080168020_1848752849903681536_o-1-400x400.jpg?resize=400%2C400&#038;ssl=1\" height=\"400\" width=\"400\" alt=\"\" class=\"slider-750 slide-780 msDefaultImage\" title=\"84126631_2500948080168020_1848752849903681536_o\" \/><\/li>\n                <li style=\"display: none; width: 100%;\" class=\"slide-1203 ms-image \" aria-roledescription=\"slide\" data-date=\"2024-01-09 14:08:17\" data-filename=\"406442593_18272082322164114_926946368285460247_n-400x400.jpg\" data-slide-type=\"image\"><img data-recalc-dims=\"1\" loading=\"lazy\" decoding=\"async\" src=\"https:\/\/i0.wp.com\/www.edcthymeraiscourville.fr\/wp-content\/uploads\/2024\/01\/406442593_18272082322164114_926946368285460247_n-400x400.jpg?resize=400%2C400&#038;ssl=1\" height=\"400\" width=\"400\" alt=\"\" class=\"slider-750 slide-1203 msDefaultImage\" title=\"406442593_18272082322164114_926946368285460247_n\" \/><\/li>\n                <li style=\"display: none; width: 100%;\" class=\"slide-1204 ms-image \" aria-roledescription=\"slide\" data-date=\"2024-01-09 14:08:20\" data-filename=\"413410149_321811090726353_5304474951262404738_n-400x400.jpg\" data-slide-type=\"image\"><img data-recalc-dims=\"1\" loading=\"lazy\" decoding=\"async\" src=\"https:\/\/i0.wp.com\/www.edcthymeraiscourville.fr\/wp-content\/uploads\/2024\/01\/413410149_321811090726353_5304474951262404738_n-400x400.jpg?resize=400%2C400&#038;ssl=1\" height=\"400\" width=\"400\" alt=\"\" class=\"slider-750 slide-1204 msDefaultImage\" title=\"413410149_321811090726353_5304474951262404738_n\" \/><\/li>\n            <\/ul>\n        <\/div>\n        \n    <\/div>\n<\/div><\/div>\n<\/div><\/div>\n<\/div><\/div>\n\n\n\n<p><\/p>\n\n\n\n<h2 class=\"wp-block-heading has-text-align-center\"><strong><em><a href=\"http:\/\/www.edcthymeraiscourville.fr\/index.php\/politique-de-confidentialite-3\/\" target=\"_blank\" rel=\"noreferrer noopener\">[Politique de confidentialit\u00e9]<\/a><\/em><\/strong><\/h2>\n\n\n\n<p><\/p>\n\n\n\n<p><\/p>\n\n\n","protected":false},"excerpt":{"rendered":"<div class=\"slide-text-bg2\"><span>Bienvenue \u00e0 l&rsquo;\u00e9cole de conduite du Thymerais et Courville. Nous vous accueillons depuis mars 2014 afin de vous proposer plusieurs types de formatio<\/span><\/div>\n<div class=\"slide-btn-area-sm\"><a href=\"https:\/\/www.edcthymeraiscourville.fr\/\" class=\"slide-btn-sm\">Lire la suite<\/a><\/div>\n","protected":false},"author":1,"featured_media":483,"parent":829,"menu_order":0,"comment_status":"closed","ping_status":"closed","template":"","meta":{"footnotes":""},"class_list":["post-56","page","type-page","status-publish","has-post-thumbnail","hentry"],"jetpack_sharing_enabled":true,"_links":{"self":[{"href":"https:\/\/www.edcthymeraiscourville.fr\/index.php\/wp-json\/wp\/v2\/pages\/56","targetHints":{"allow":["GET"]}}],"collection":[{"href":"https:\/\/www.edcthymeraiscourville.fr\/index.php\/wp-json\/wp\/v2\/pages"}],"about":[{"href":"https:\/\/www.edcthymeraiscourville.fr\/index.php\/wp-json\/wp\/v2\/types\/page"}],"author":[{"embeddable":true,"href":"https:\/\/www.edcthymeraiscourville.fr\/index.php\/wp-json\/wp\/v2\/users\/1"}],"replies":[{"embeddable":true,"href":"https:\/\/www.edcthymeraiscourville.fr\/index.php\/wp-json\/wp\/v2\/comments?post=56"}],"version-history":[{"count":88,"href":"https:\/\/www.edcthymeraiscourville.fr\/index.php\/wp-json\/wp\/v2\/pages\/56\/revisions"}],"predecessor-version":[{"id":1162,"href":"https:\/\/www.edcthymeraiscourville.fr\/index.php\/wp-json\/wp\/v2\/pages\/56\/revisions\/1162"}],"up":[{"embeddable":true,"href":"https:\/\/www.edcthymeraiscourville.fr\/index.php\/wp-json\/wp\/v2\/pages\/829"}],"wp:featuredmedia":[{"embeddable":true,"href":"https:\/\/www.edcthymeraiscourville.fr\/index.php\/wp-json\/wp\/v2\/media\/483"}],"wp:attachment":[{"href":"https:\/\/www.edcthymeraiscourville.fr\/index.php\/wp-json\/wp\/v2\/media?parent=56"}],"curies":[{"name":"wp","href":"https:\/\/api.w.org\/{rel}","templated":true}]}}